{"id":440,"date":"2016-01-08T07:17:26","date_gmt":"2016-01-08T07:17:26","guid":{"rendered":"http:\/\/consulting.stylemixthemes.com\/demo\/?page_id=440"},"modified":"2016-12-07T17:24:45","modified_gmt":"2016-12-07T17:24:45","slug":"profesionales","status":"publish","type":"page","link":"https:\/\/oralmedic.com.co\/index.php\/company-overview\/profesionales\/","title":{"rendered":"PROFESIONALES"},"content":{"rendered":"<p>[vc_row css=&#8221;.vc_custom_1451991003825{margin-bottom: 100px !important;}&#8221;][vc_column][vc_custom_heading source=&#8221;post_title&#8221; use_theme_fonts=&#8221;yes&#8221; css=&#8221;.vc_custom_1452247174165{margin-bottom: 30px !important;}&#8221;][vc_column_text]Contamos con profesionales con m\u00e1s de 10 a\u00f1os de experiencia, egresados de diferentes universidades del Pa\u00eds. Son profesionales que realizan su\u00a0trabajo de la mejor manera, con el fin de brindar atenci\u00f3n oportuna y eficiente a cada uno de nuestros pacientes.[\/vc_column_text][vc_column_text]Los profesionales de OralMedic son personas que tienen un gran motivaci\u00f3n por el trabajo que realizan por lo cual se preocupan por el bienestar de los pacientes que se encuentran a su cargo en las diferentes sedes.[\/vc_column_text][\/vc_column][\/vc_row][vc_row full_width=&#8221;stretch_row&#8221; el_class=&#8221;third_bg_color&#8221; css=&#8221;.vc_custom_1451889219674{margin-bottom: -60px !important;}&#8221;][vc_column][vc_cta h2=&#8221;Solicita ahora mismo tu cita!&#8221; h2_font_container=&#8221;font_size:20px|color:%23000000|line_height:24px&#8221; h2_use_theme_fonts=&#8221;yes&#8221; shape=&#8221;square&#8221; style=&#8221;flat&#8221; add_button=&#8221;right&#8221; btn_title=&#8221;Reservar!&#8221; btn_style=&#8221;flat&#8221; btn_color=&#8221;theme_style_2&#8243; btn_align=&#8221;right&#8221; btn_i_align=&#8221;right&#8221; btn_i_icon_fontawesome=&#8221;fa fa-chevron-right&#8221; btn_add_icon=&#8221;true&#8221; btn_button_block=&#8221;true&#8221; el_class=&#8221;third_bg_color&#8221; css=&#8221;.vc_custom_1476995766939{margin-bottom: 0px !important;}&#8221; use_custom_fonts_h2=&#8221;true&#8221;][\/vc_cta][\/vc_column][\/vc_row]<\/p>\n","protected":false},"excerpt":{"rendered":"<p>[vc_row css=&#8221;.vc_custom_1451991003825{margin-bottom: 100px !important;}&#8221;][vc_column][vc_custom_heading source=&#8221;post_title&#8221; use_theme_fonts=&#8221;yes&#8221; css=&#8221;.vc_custom_1452247174165{margin-bottom: 30px !important;}&#8221;][vc_column_text]Contamos con profesionales con m\u00e1s de 10 a\u00f1os de experiencia, egresados de diferentes universidades del Pa\u00eds. Son profesionales que realizan su\u00a0trabajo de la mejor manera, con el fin de brindar atenci\u00f3n oportuna y eficiente a cada uno de nuestros pacientes.[\/vc_column_text][vc_column_text]Los profesionales de OralMedic son personas que tienen<\/p>\n","protected":false},"author":2,"featured_media":0,"parent":9,"menu_order":0,"comment_status":"closed","ping_status":"closed","template":"","meta":[],"_links":{"self":[{"href":"https:\/\/oralmedic.com.co\/index.php\/wp-json\/wp\/v2\/pages\/440"}],"collection":[{"href":"https:\/\/oralmedic.com.co\/index.php\/wp-json\/wp\/v2\/pages"}],"about":[{"href":"https:\/\/oralmedic.com.co\/index.php\/wp-json\/wp\/v2\/types\/page"}],"author":[{"embeddable":true,"href":"https:\/\/oralmedic.com.co\/index.php\/wp-json\/wp\/v2\/users\/2"}],"replies":[{"embeddable":true,"href":"https:\/\/oralmedic.com.co\/index.php\/wp-json\/wp\/v2\/comments?post=440"}],"version-history":[{"count":5,"href":"https:\/\/oralmedic.com.co\/index.php\/wp-json\/wp\/v2\/pages\/440\/revisions"}],"predecessor-version":[{"id":1587,"href":"https:\/\/oralmedic.com.co\/index.php\/wp-json\/wp\/v2\/pages\/440\/revisions\/1587"}],"up":[{"embeddable":true,"href":"https:\/\/oralmedic.com.co\/index.php\/wp-json\/wp\/v2\/pages\/9"}],"wp:attachment":[{"href":"https:\/\/oralmedic.com.co\/index.php\/wp-json\/wp\/v2\/media?parent=440"}],"curies":[{"name":"wp","href":"https:\/\/api.w.org\/{rel}","templated":true}]}}