{"id":1175,"date":"2016-10-04T19:54:31","date_gmt":"2016-10-04T19:54:31","guid":{"rendered":"http:\/\/oralmedic.com.co\/?page_id=1175"},"modified":"2016-11-18T15:58:31","modified_gmt":"2016-11-18T15:58:31","slug":"afiliados","status":"publish","type":"page","link":"https:\/\/oralmedic.com.co\/index.php\/afiliados\/","title":{"rendered":"AFILIADOS"},"content":{"rendered":"<p>[vc_row][vc_column][vc_column_text]<\/p>\n<h2 style=\"text-align: center;\"><strong>CLUB DE AFILIADOS ORALMEDIC<\/strong><\/h2>\n<p>[\/vc_column_text][\/vc_column][\/vc_row][vc_row][vc_column width=&#8221;1\/2&#8243;][vc_column_text]<strong>BENEFICIOS<\/strong><\/p>\n<ul>\n<li>Cubre a 5 personas del n\u00facleo familiar.<\/li>\n<li>Valoraci\u00f3n gratis con los especialistas en cualquier \u00e1rea de la odontolog\u00eda.<\/li>\n<li>3 limpiezas gratis durante un a\u00f1o para los afiliados, una cada 4 meses.<\/li>\n<li>20% de descuento en los tratamientos.<\/li>\n<\/ul>\n<p>[\/vc_column_text][\/vc_column][vc_column width=&#8221;1\/2&#8243;][vc_single_image image=&#8221;1425&#8243; img_size=&#8221;medium&#8221; alignment=&#8221;center&#8221;][\/vc_column][\/vc_row]<\/p>\n","protected":false},"excerpt":{"rendered":"<p>[vc_row][vc_column][vc_column_text] CLUB DE AFILIADOS ORALMEDIC [\/vc_column_text][\/vc_column][\/vc_row][vc_row][vc_column width=&#8221;1\/2&#8243;][vc_column_text]BENEFICIOS Cubre a 5 personas del n\u00facleo familiar. Valoraci\u00f3n gratis con los especialistas en cualquier \u00e1rea de la odontolog\u00eda. 3 limpiezas gratis durante un a\u00f1o para los afiliados, una cada 4 meses. 20% de descuento en los tratamientos. [\/vc_column_text][\/vc_column][vc_column width=&#8221;1\/2&#8243;][vc_single_image image=&#8221;1425&#8243; img_size=&#8221;medium&#8221; alignment=&#8221;center&#8221;][\/vc_column][\/vc_row]<\/p>\n","protected":false},"author":2,"featured_media":0,"parent":0,"menu_order":0,"comment_status":"closed","ping_status":"closed","template":"","meta":[],"_links":{"self":[{"href":"https:\/\/oralmedic.com.co\/index.php\/wp-json\/wp\/v2\/pages\/1175"}],"collection":[{"href":"https:\/\/oralmedic.com.co\/index.php\/wp-json\/wp\/v2\/pages"}],"about":[{"href":"https:\/\/oralmedic.com.co\/index.php\/wp-json\/wp\/v2\/types\/page"}],"author":[{"embeddable":true,"href":"https:\/\/oralmedic.com.co\/index.php\/wp-json\/wp\/v2\/users\/2"}],"replies":[{"embeddable":true,"href":"https:\/\/oralmedic.com.co\/index.php\/wp-json\/wp\/v2\/comments?post=1175"}],"version-history":[{"count":5,"href":"https:\/\/oralmedic.com.co\/index.php\/wp-json\/wp\/v2\/pages\/1175\/revisions"}],"predecessor-version":[{"id":1473,"href":"https:\/\/oralmedic.com.co\/index.php\/wp-json\/wp\/v2\/pages\/1175\/revisions\/1473"}],"wp:attachment":[{"href":"https:\/\/oralmedic.com.co\/index.php\/wp-json\/wp\/v2\/media?parent=1175"}],"curies":[{"name":"wp","href":"https:\/\/api.w.org\/{rel}","templated":true}]}}