{"id":1160,"date":"2016-10-04T19:35:14","date_gmt":"2016-10-04T19:35:14","guid":{"rendered":"http:\/\/oralmedic.com.co\/?page_id=1160"},"modified":"2016-11-24T21:44:26","modified_gmt":"2016-11-24T21:44:26","slug":"nosotros","status":"publish","type":"page","link":"https:\/\/oralmedic.com.co\/index.php\/nosotros\/","title":{"rendered":"NOSOTROS"},"content":{"rendered":"<p>[vc_row][vc_column width=&#8221;2\/3&#8243;][vc_custom_heading text=&#8221;MISI\u00d3N&#8221; font_container=&#8221;tag:h2|text_align:left|color:%23000a78&#8243; google_fonts=&#8221;font_family:Montserrat%3Aregular%2C700|font_style:400%20regular%3A400%3Anormal&#8221;][vc_column_text]<\/p>\n<p style=\"text-align: justify;\">Somos un grupo de profesionales especialistas en todas las \u00e1reas de la odontolog\u00eda comprometidos en brindar una atenci\u00f3n integral,\u00a0 con optima calidad y eficiencia, mejorando los est\u00e1ndares de salud oral y de la comunidad comprometidos con la excelencia y el buen servicio , siendo propulsores de cambios en la atenci\u00f3n y competitivos en la tecnolog\u00eda de punta.<\/p>\n<p>[\/vc_column_text][vc_custom_heading text=&#8221;VISI\u00d3N&#8221; font_container=&#8221;tag:h2|text_align:left|color:%23000a78&#8243; google_fonts=&#8221;font_family:Montserrat%3Aregular%2C700|font_style:400%20regular%3A400%3Anormal&#8221;][vc_column_text]<\/p>\n<p style=\"text-align: justify;\">Para el 2020 ser un I.P.S l\u00edder en brindar servicios integrales\u00a0 en salud oral, con experiencia y calidad, contando con un talento humano id\u00f3neo, \u00e9tico, proactivo y comprometido en la b\u00fasqueda de la m\u00e1xima eficiencia, confiabilidad y credibilidad.<\/p>\n<p>[\/vc_column_text][vc_custom_heading text=&#8221;POL\u00cdTICA DE CALIDAD&#8221; font_container=&#8221;tag:h2|text_align:left|color:%23000a78&#8243; google_fonts=&#8221;font_family:Montserrat%3Aregular%2C700|font_style:400%20regular%3A400%3Anormal&#8221;][vc_column_text]<\/p>\n<p style=\"text-align: justify;\">En la CL\u00cdNICA ORALMEDIC, contamos con los recursos t\u00e9cnicos y humanos altamente capacitados y comprometidos con la calidad para prestar nuestros servicios de salud oral, con el criterio de mejorar continuamente en nuestros procesos de satisfacer completamente a nuestros usuarios mediante un servicio oportuno y confiable.<\/p>\n<p>[\/vc_column_text][vc_custom_heading text=&#8221;POL\u00cdTICA DE SEGURIDAD DEL PACIENTE&#8221; font_container=&#8221;tag:h2|text_align:left|color:%23000a78&#8243; google_fonts=&#8221;font_family:Montserrat%3Aregular%2C700|font_style:400%20regular%3A400%3Anormal&#8221;][vc_column_text]<\/p>\n<p style=\"text-align: justify;\">CL\u00cdNICA ORALMEDIC, se compromete a garantizar a sus usuarios, la seguridad, vigilancia, custodia, protecci\u00f3n y cuidado durante su estancia en la instituci\u00f3n; a trabajar de manera permanente e interinstitucional en la b\u00fasqueda activa de incidentes peligrosos a minimizar el riesgo de eventos adversos mediante la implementaci\u00f3n de un modelo sistem\u00e1tico que garantice la atenci\u00f3n segura y que incluya la gesti\u00f3n de una cultura de seguridad liderada por la alta gerencia a trav\u00e9s de la implementaci\u00f3n del programa.<\/p>\n<p>[\/vc_column_text][\/vc_column][vc_column width=&#8221;1\/3&#8243;][\/vc_column][\/vc_row]<\/p>\n","protected":false},"excerpt":{"rendered":"<p>[vc_row][vc_column width=&#8221;2\/3&#8243;][vc_custom_heading text=&#8221;MISI\u00d3N&#8221; font_container=&#8221;tag:h2|text_align:left|color:%23000a78&#8243; google_fonts=&#8221;font_family:Montserrat%3Aregular%2C700|font_style:400%20regular%3A400%3Anormal&#8221;][vc_column_text] Somos un grupo de profesionales especialistas en todas las \u00e1reas de la odontolog\u00eda comprometidos en brindar una atenci\u00f3n integral,\u00a0 con optima calidad y eficiencia, mejorando los est\u00e1ndares de salud oral y de la comunidad comprometidos con la excelencia y el buen servicio , siendo propulsores de cambios en la atenci\u00f3n<\/p>\n","protected":false},"author":2,"featured_media":0,"parent":0,"menu_order":0,"comment_status":"closed","ping_status":"closed","template":"","meta":[],"_links":{"self":[{"href":"https:\/\/oralmedic.com.co\/index.php\/wp-json\/wp\/v2\/pages\/1160"}],"collection":[{"href":"https:\/\/oralmedic.com.co\/index.php\/wp-json\/wp\/v2\/pages"}],"about":[{"href":"https:\/\/oralmedic.com.co\/index.php\/wp-json\/wp\/v2\/types\/page"}],"author":[{"embeddable":true,"href":"https:\/\/oralmedic.com.co\/index.php\/wp-json\/wp\/v2\/users\/2"}],"replies":[{"embeddable":true,"href":"https:\/\/oralmedic.com.co\/index.php\/wp-json\/wp\/v2\/comments?post=1160"}],"version-history":[{"count":12,"href":"https:\/\/oralmedic.com.co\/index.php\/wp-json\/wp\/v2\/pages\/1160\/revisions"}],"predecessor-version":[{"id":1468,"href":"https:\/\/oralmedic.com.co\/index.php\/wp-json\/wp\/v2\/pages\/1160\/revisions\/1468"}],"wp:attachment":[{"href":"https:\/\/oralmedic.com.co\/index.php\/wp-json\/wp\/v2\/media?parent=1160"}],"curies":[{"name":"wp","href":"https:\/\/api.w.org\/{rel}","templated":true}]}}