{"id":1154,"date":"2016-10-04T19:29:45","date_gmt":"2016-10-04T19:29:45","guid":{"rendered":"http:\/\/oralmedic.com.co\/?page_id=1154"},"modified":"2016-11-25T21:24:13","modified_gmt":"2016-11-25T21:24:13","slug":"radiologia","status":"publish","type":"page","link":"https:\/\/oralmedic.com.co\/index.php\/radiologia\/","title":{"rendered":"RADIOLOG\u00cdA"},"content":{"rendered":"<p>[vc_row css=&#8221;.vc_custom_1453217339571{padding-top: 50px !important;padding-bottom: 50px !important;}&#8221;][vc_column width=&#8221;1\/2&#8243;][vc_column_text]<\/p>\n<p style=\"text-align: justify;\">Centro radiol\u00f3gico es una organizaci\u00f3n que permanece a la vanguardia de nuevas tecnolog\u00edas, siempre orientado a la seguridad del paciente para poder garantizar el cumplimiento de los objetivos para la puesta del funcionamiento de los avances tecnol\u00f3gicos.\u00a0 Los nuevos equipos con los que contamos, nos permiten disminuir el tiempo de explosi\u00f3n a radiaciones en el \u00e1rea de trabajo y del paciente.\u00a0 Cumpliendo adecuadamente con los est\u00e1ndares de calidad y de resultados.<\/p>\n<p>[\/vc_column_text][vc_btn title=&#8221;Agendar Cita&#8221; style=&#8221;flat&#8221; color=&#8221;blue&#8221; align=&#8221;left&#8221; link=&#8221;url:http%3A%2F%2Foralmedic.com.co%2Findex.php%2Fcontacto%2F||&#8221;][\/vc_column][vc_column width=&#8221;1\/2&#8243;][vc_gallery images=&#8221;1477,1478&#8243; img_size=&#8221;medium&#8221;][\/vc_column][\/vc_row]<\/p>\n","protected":false},"excerpt":{"rendered":"<p>[vc_row css=&#8221;.vc_custom_1453217339571{padding-top: 50px !important;padding-bottom: 50px !important;}&#8221;][vc_column width=&#8221;1\/2&#8243;][vc_column_text] Centro radiol\u00f3gico es una organizaci\u00f3n que permanece a la vanguardia de nuevas tecnolog\u00edas, siempre orientado a la seguridad del paciente para poder garantizar el cumplimiento de los objetivos para la puesta del funcionamiento de los avances tecnol\u00f3gicos.\u00a0 Los nuevos equipos con los que contamos, nos permiten disminuir el<\/p>\n","protected":false},"author":2,"featured_media":0,"parent":0,"menu_order":0,"comment_status":"closed","ping_status":"closed","template":"","meta":[],"_links":{"self":[{"href":"https:\/\/oralmedic.com.co\/index.php\/wp-json\/wp\/v2\/pages\/1154"}],"collection":[{"href":"https:\/\/oralmedic.com.co\/index.php\/wp-json\/wp\/v2\/pages"}],"about":[{"href":"https:\/\/oralmedic.com.co\/index.php\/wp-json\/wp\/v2\/types\/page"}],"author":[{"embeddable":true,"href":"https:\/\/oralmedic.com.co\/index.php\/wp-json\/wp\/v2\/users\/2"}],"replies":[{"embeddable":true,"href":"https:\/\/oralmedic.com.co\/index.php\/wp-json\/wp\/v2\/comments?post=1154"}],"version-history":[{"count":6,"href":"https:\/\/oralmedic.com.co\/index.php\/wp-json\/wp\/v2\/pages\/1154\/revisions"}],"predecessor-version":[{"id":1583,"href":"https:\/\/oralmedic.com.co\/index.php\/wp-json\/wp\/v2\/pages\/1154\/revisions\/1583"}],"wp:attachment":[{"href":"https:\/\/oralmedic.com.co\/index.php\/wp-json\/wp\/v2\/media?parent=1154"}],"curies":[{"name":"wp","href":"https:\/\/api.w.org\/{rel}","templated":true}]}}