{"id":1144,"date":"2016-10-04T19:23:10","date_gmt":"2016-10-04T19:23:10","guid":{"rendered":"http:\/\/oralmedic.com.co\/?page_id=1144"},"modified":"2016-11-25T21:22:04","modified_gmt":"2016-11-25T21:22:04","slug":"periodoncia","status":"publish","type":"page","link":"https:\/\/oralmedic.com.co\/index.php\/periodoncia\/","title":{"rendered":"PERIODONCIA"},"content":{"rendered":"<p>[vc_row css=&#8221;.vc_custom_1453217339571{padding-top: 50px !important;padding-bottom: 50px !important;}&#8221;][vc_column width=&#8221;1\/2&#8243;][vc_column_text]Las enfermedades periodontales son patolog\u00edas que afectan al periodonto, es decir, a los tejidos que sostienen a los dientes. Son patolog\u00edas infecciosas, causadas por bacterias.<\/p>\n<p>Hay dos grandes grupos de enfermedades periodontales:<\/p>\n<p>Gingivitis (inflamaci\u00f3n superficial) y periodontitis (destrucci\u00f3n m\u00e1s profunda de los tejidos periodontales).<\/p>\n<p>La higiene oral es un importante pilar de prevenci\u00f3n de las enfermedades periodontales, pero no el \u00fanico. Se debe acompa\u00f1ar de revisiones peri\u00f3dicas al especialista para que se pueda realizar un diagn\u00f3stico precoz de la enfermedad en caso de que se presente.[\/vc_column_text][vc_btn title=&#8221;Agendar Cita&#8221; style=&#8221;flat&#8221; color=&#8221;blue&#8221; align=&#8221;left&#8221; link=&#8221;url:http%3A%2F%2Foralmedic.com.co%2Findex.php%2Fcontacto%2F||&#8221;][\/vc_column][vc_column width=&#8221;1\/2&#8243;][vc_gallery images=&#8221;1492,1493&#8243; img_size=&#8221;medium&#8221;][\/vc_column][\/vc_row]<\/p>\n","protected":false},"excerpt":{"rendered":"<p>[vc_row css=&#8221;.vc_custom_1453217339571{padding-top: 50px !important;padding-bottom: 50px !important;}&#8221;][vc_column width=&#8221;1\/2&#8243;][vc_column_text]Las enfermedades periodontales son patolog\u00edas que afectan al periodonto, es decir, a los tejidos que sostienen a los dientes. Son patolog\u00edas infecciosas, causadas por bacterias. Hay dos grandes grupos de enfermedades periodontales: Gingivitis (inflamaci\u00f3n superficial) y periodontitis (destrucci\u00f3n m\u00e1s profunda de los tejidos periodontales). La higiene oral es un<\/p>\n","protected":false},"author":2,"featured_media":0,"parent":0,"menu_order":0,"comment_status":"closed","ping_status":"closed","template":"","meta":[],"_links":{"self":[{"href":"https:\/\/oralmedic.com.co\/index.php\/wp-json\/wp\/v2\/pages\/1144"}],"collection":[{"href":"https:\/\/oralmedic.com.co\/index.php\/wp-json\/wp\/v2\/pages"}],"about":[{"href":"https:\/\/oralmedic.com.co\/index.php\/wp-json\/wp\/v2\/types\/page"}],"author":[{"embeddable":true,"href":"https:\/\/oralmedic.com.co\/index.php\/wp-json\/wp\/v2\/users\/2"}],"replies":[{"embeddable":true,"href":"https:\/\/oralmedic.com.co\/index.php\/wp-json\/wp\/v2\/comments?post=1144"}],"version-history":[{"count":10,"href":"https:\/\/oralmedic.com.co\/index.php\/wp-json\/wp\/v2\/pages\/1144\/revisions"}],"predecessor-version":[{"id":1580,"href":"https:\/\/oralmedic.com.co\/index.php\/wp-json\/wp\/v2\/pages\/1144\/revisions\/1580"}],"wp:attachment":[{"href":"https:\/\/oralmedic.com.co\/index.php\/wp-json\/wp\/v2\/media?parent=1144"}],"curies":[{"name":"wp","href":"https:\/\/api.w.org\/{rel}","templated":true}]}}