{"id":1142,"date":"2016-10-04T19:22:08","date_gmt":"2016-10-04T19:22:08","guid":{"rendered":"http:\/\/oralmedic.com.co\/?page_id=1142"},"modified":"2016-11-25T21:22:25","modified_gmt":"2016-11-25T21:22:25","slug":"rehabilitacion-oral","status":"publish","type":"page","link":"https:\/\/oralmedic.com.co\/index.php\/rehabilitacion-oral\/","title":{"rendered":"REHABILITACI\u00d3N ORAL"},"content":{"rendered":"<p>[vc_row][vc_column width=&#8221;1\/2&#8243;][vc_custom_heading text=&#8221;1. Pr\u00f3tesis Fija&#8221; font_container=&#8221;tag:h2|font_size:36|text_align:left|color:%23515151|line_height:1.2&#8243; google_fonts=&#8221;font_family:Istok%20Web%3Aregular%2Citalic%2C700%2C700italic|font_style:700%20bold%20regular%3A700%3Anormal&#8221;][vc_column_text]<\/p>\n<p style=\"text-align: justify;\">Una pr\u00f3tesis fija consiste en un aparato fabricado a medida de la boca del paciente con una o varias piezas dentales que se colocan en la boca para reemplazar la p\u00e9rdida de los dientes.<\/p>\n<p>[\/vc_column_text][\/vc_column][vc_column width=&#8221;1\/2&#8243;][\/vc_column][\/vc_row][vc_row][vc_column width=&#8221;1\/2&#8243;][vc_empty_space height=&#8221;20px&#8221;][vc_column_text]<\/p>\n<ul>\n<li>Zirconio: Las coronas de zirconio son m\u00e1s ligeras que las de metal-cer\u00e1mica, no provoca ninguna alergia en el paciente ya que no esta hecha de metal.<\/li>\n<\/ul>\n<p>[\/vc_column_text][\/vc_column][vc_column width=&#8221;1\/2&#8243;][vc_empty_space height=&#8221;20px&#8221;][vc_gallery images=&#8221;1481&#8243; img_size=&#8221;medium&#8221;][\/vc_column][\/vc_row][vc_row][vc_column width=&#8221;1\/2&#8243;][vc_column_text]<\/p>\n<ul>\n<li>In Ceram: Las ventajas de este tipo de coronas es que crean una apariencia extremadamente natural y se utilizan generalmente en los dientes anteriores. El material cer\u00e1mico del color del diente es transl\u00facido, como el esmalte de los dientes naturales, y se puede imitar el tama\u00f1o y la forma en detalle para complementar al resto de la sonrisa.<\/li>\n<\/ul>\n<p>[\/vc_column_text][\/vc_column][vc_column width=&#8221;1\/2&#8243;][vc_gallery images=&#8221;1482&#8243; img_size=&#8221;medium&#8221;][\/vc_column][\/vc_row][vc_row][vc_column width=&#8221;1\/2&#8243;][vc_column_text]<\/p>\n<ul>\n<li>Metal Porcelana: Las coronas de metal-cer\u00e1mica son muy resistentes, la parte interior de la corona est\u00e1 realizada en metal, en cambio la parte externa est\u00e1 revestida con porcelana dando un aspecto m\u00e1s natural al nuevo diente.<\/li>\n<\/ul>\n<p>[\/vc_column_text][\/vc_column][vc_column width=&#8221;1\/2&#8243;][vc_gallery images=&#8221;1483&#8243; img_size=&#8221;medium&#8221;][\/vc_column][\/vc_row][vc_row][vc_column width=&#8221;1\/2&#8243;][vc_column_text]<\/p>\n<ul>\n<li>Collar lets o Hombreo Cer\u00e1mico: Consiste en reducir el l\u00edmite de metal por el sector anterior de la corona y hacerlo solamente de porcelana dental, logrando una alta est\u00e9tica en los m\u00e1rgenes, evitando la aparici\u00f3n de l\u00edneas negras.<\/li>\n<\/ul>\n<p>[\/vc_column_text][\/vc_column][vc_column width=&#8221;1\/2&#8243;][vc_gallery images=&#8221;1561&#8243; img_size=&#8221;medium&#8221;][\/vc_column][\/vc_row][vc_row][vc_column width=&#8221;1\/2&#8243;][vc_column_text]<\/p>\n<ul>\n<li>Cad Cam: Es un sistema tecnol\u00f3gico que permite el dise\u00f1o y la elaboraci\u00f3n de pr\u00f3tesis dentales por ordenador. Mediante esta tecnolog\u00eda digital estamos en condiciones de dise\u00f1a y fabricar rehabilitaciones odontol\u00f3gicas extremadamente precisas y de la m\u00e1s alta calidad.<\/li>\n<\/ul>\n<p>[\/vc_column_text][\/vc_column][vc_column width=&#8221;1\/2&#8243;][vc_gallery images=&#8221;1485&#8243; img_size=&#8221;medium&#8221;][\/vc_column][\/vc_row][vc_row][vc_column width=&#8221;1\/2&#8243;][vc_custom_heading text=&#8221;2. Pr\u00f3tesis Removible&#8221; font_container=&#8221;tag:h2|font_size:36|text_align:left|color:%23515151|line_height:1.2&#8243; google_fonts=&#8221;font_family:Istok%20Web%3Aregular%2Citalic%2C700%2C700italic|font_style:700%20bold%20regular%3A700%3Anormal&#8221;][vc_column_text]<\/p>\n<ul>\n<li style=\"text-align: justify;\"><strong>Pr\u00f3tesis removibles acr\u00edlicas:<\/strong> Pueden ser parciales o totales y el paciente puede retirarlas de la boca y volver a colocarlas sin la intervenci\u00f3n del odont\u00f3logo. Estas pr\u00f3tesis dentales pueden ser de acr\u00edlico, resina inyectada o met\u00e1lica con acr\u00edlico.<\/li>\n<\/ul>\n<ul>\n<li style=\"text-align: justify;\"><strong>Pr\u00f3tesis removibles met\u00e1licas:<\/strong> Son pr\u00f3tesis parciales que se sujetan tanto en los dientes como en el reborde\u00a0 de la enc\u00eda y se realizan cuando el paciente a\u00fan conserva algunos de sus dientes naturales. Se hacen mediante una estructura met\u00e1lica (Base met\u00e1lica) colada.<\/li>\n<\/ul>\n<p>[\/vc_column_text][\/vc_column][vc_column width=&#8221;1\/2&#8243;][vc_gallery images=&#8221;1557,1487,1486&#8243; img_size=&#8221;medium&#8221;][\/vc_column][\/vc_row][vc_row][vc_column width=&#8221;1\/2&#8243;][vc_btn title=&#8221;Agendar Cita&#8221; style=&#8221;flat&#8221; color=&#8221;blue&#8221; align=&#8221;left&#8221; link=&#8221;url:http%3A%2F%2Foralmedic.com.co%2Findex.php%2Fcontacto%2F||&#8221;][\/vc_column][vc_column width=&#8221;1\/2&#8243;][\/vc_column][\/vc_row]<\/p>\n","protected":false},"excerpt":{"rendered":"<p>[vc_row][vc_column width=&#8221;1\/2&#8243;][vc_custom_heading text=&#8221;1. Pr\u00f3tesis Fija&#8221; font_container=&#8221;tag:h2|font_size:36|text_align:left|color:%23515151|line_height:1.2&#8243; google_fonts=&#8221;font_family:Istok%20Web%3Aregular%2Citalic%2C700%2C700italic|font_style:700%20bold%20regular%3A700%3Anormal&#8221;][vc_column_text] Una pr\u00f3tesis fija consiste en un aparato fabricado a medida de la boca del paciente con una o varias piezas dentales que se colocan en la boca para reemplazar la p\u00e9rdida de los dientes. [\/vc_column_text][\/vc_column][vc_column width=&#8221;1\/2&#8243;][\/vc_column][\/vc_row][vc_row][vc_column width=&#8221;1\/2&#8243;][vc_empty_space height=&#8221;20px&#8221;][vc_column_text] Zirconio: Las coronas de zirconio son m\u00e1s ligeras que las<\/p>\n","protected":false},"author":2,"featured_media":0,"parent":0,"menu_order":0,"comment_status":"closed","ping_status":"closed","template":"","meta":[],"_links":{"self":[{"href":"https:\/\/oralmedic.com.co\/index.php\/wp-json\/wp\/v2\/pages\/1142"}],"collection":[{"href":"https:\/\/oralmedic.com.co\/index.php\/wp-json\/wp\/v2\/pages"}],"about":[{"href":"https:\/\/oralmedic.com.co\/index.php\/wp-json\/wp\/v2\/types\/page"}],"author":[{"embeddable":true,"href":"https:\/\/oralmedic.com.co\/index.php\/wp-json\/wp\/v2\/users\/2"}],"replies":[{"embeddable":true,"href":"https:\/\/oralmedic.com.co\/index.php\/wp-json\/wp\/v2\/comments?post=1142"}],"version-history":[{"count":22,"href":"https:\/\/oralmedic.com.co\/index.php\/wp-json\/wp\/v2\/pages\/1142\/revisions"}],"predecessor-version":[{"id":1581,"href":"https:\/\/oralmedic.com.co\/index.php\/wp-json\/wp\/v2\/pages\/1142\/revisions\/1581"}],"wp:attachment":[{"href":"https:\/\/oralmedic.com.co\/index.php\/wp-json\/wp\/v2\/media?parent=1142"}],"curies":[{"name":"wp","href":"https:\/\/api.w.org\/{rel}","templated":true}]}}