{"id":1135,"date":"2016-10-04T19:14:45","date_gmt":"2016-10-04T19:14:45","guid":{"rendered":"http:\/\/oralmedic.com.co\/?page_id=1135"},"modified":"2016-11-25T21:20:42","modified_gmt":"2016-11-25T21:20:42","slug":"cirugia-oral","status":"publish","type":"page","link":"https:\/\/oralmedic.com.co\/index.php\/cirugia-oral\/","title":{"rendered":"CIRUG\u00cdA ORAL"},"content":{"rendered":"<p>[vc_row css=&#8221;.vc_custom_1453217339571{padding-top: 50px !important;padding-bottom: 50px !important;}&#8221;][vc_column width=&#8221;1\/2&#8243;][vc_column_text]<\/p>\n<p style=\"text-align: justify;\">Esta especialidad abarca el diagn\u00f3stico y el tratamiento de las enfermedades de la cavidad bucal, de los maxilares y tejidos adyacentes.<\/p>\n<p style=\"text-align: justify;\">La cirug\u00eda \u00a0bucal o los procedimientos quir\u00fargicos orales pueden tener m\u00faltiples prop\u00f3sitos:<\/p>\n<ul>\n<li style=\"text-align: justify;\">La extracci\u00f3n de dientes incluidos en el espesor del hueso o semi-incluidos<\/li>\n<li style=\"text-align: justify;\">la extracci\u00f3n de restos de ra\u00edces fracturadas.<\/li>\n<li style=\"text-align: justify;\">La eliminaci\u00f3n de granulomas (inflamaciones cr\u00f3nicas) o de quistes en zonas periapicales (es decir, en las inmediaciones de la punta de alguna o \u2028algunas ra\u00edces dentarias).<\/li>\n<li style=\"text-align: justify;\">La conformaci\u00f3n del hueso y de la enc\u00eda para recibir adecuadamente pr\u00f3tesis dentarias (cirug\u00eda preprot\u00e9sica).<\/li>\n<li style=\"text-align: justify;\">La eliminaci\u00f3n de frenillos labiales o del frenillo lingual, que producen alteraciones en la posici\u00f3n de los dientes y\/o en el habla.<\/li>\n<li style=\"text-align: justify;\">La extirpaci\u00f3n de gl\u00e1ndulas salivales menores.<\/li>\n<li style=\"text-align: justify;\">La toma de tejidos para analizarlos.<\/li>\n<\/ul>\n<p>[\/vc_column_text][vc_empty_space][vc_btn title=&#8221;Agendar Cita&#8221; style=&#8221;flat&#8221; color=&#8221;blue&#8221; align=&#8221;left&#8221; link=&#8221;url:http%3A%2F%2Foralmedic.com.co%2Findex.php%2Fcontacto%2F||&#8221;][\/vc_column][vc_column width=&#8221;1\/2&#8243;][vc_empty_space height=&#8221;22px&#8221;][vc_gallery images=&#8221;1501,1502&#8243; img_size=&#8221;medium&#8221;][\/vc_column][\/vc_row]<\/p>\n","protected":false},"excerpt":{"rendered":"<p>[vc_row css=&#8221;.vc_custom_1453217339571{padding-top: 50px !important;padding-bottom: 50px !important;}&#8221;][vc_column width=&#8221;1\/2&#8243;][vc_column_text] Esta especialidad abarca el diagn\u00f3stico y el tratamiento de las enfermedades de la cavidad bucal, de los maxilares y tejidos adyacentes. La cirug\u00eda \u00a0bucal o los procedimientos quir\u00fargicos orales pueden tener m\u00faltiples prop\u00f3sitos: La extracci\u00f3n de dientes incluidos en el espesor del hueso o semi-incluidos la extracci\u00f3n de<\/p>\n","protected":false},"author":2,"featured_media":0,"parent":0,"menu_order":0,"comment_status":"closed","ping_status":"closed","template":"","meta":[],"_links":{"self":[{"href":"https:\/\/oralmedic.com.co\/index.php\/wp-json\/wp\/v2\/pages\/1135"}],"collection":[{"href":"https:\/\/oralmedic.com.co\/index.php\/wp-json\/wp\/v2\/pages"}],"about":[{"href":"https:\/\/oralmedic.com.co\/index.php\/wp-json\/wp\/v2\/types\/page"}],"author":[{"embeddable":true,"href":"https:\/\/oralmedic.com.co\/index.php\/wp-json\/wp\/v2\/users\/2"}],"replies":[{"embeddable":true,"href":"https:\/\/oralmedic.com.co\/index.php\/wp-json\/wp\/v2\/comments?post=1135"}],"version-history":[{"count":12,"href":"https:\/\/oralmedic.com.co\/index.php\/wp-json\/wp\/v2\/pages\/1135\/revisions"}],"predecessor-version":[{"id":1577,"href":"https:\/\/oralmedic.com.co\/index.php\/wp-json\/wp\/v2\/pages\/1135\/revisions\/1577"}],"wp:attachment":[{"href":"https:\/\/oralmedic.com.co\/index.php\/wp-json\/wp\/v2\/media?parent=1135"}],"curies":[{"name":"wp","href":"https:\/\/api.w.org\/{rel}","templated":true}]}}