{"id":1131,"date":"2016-10-04T19:10:41","date_gmt":"2016-10-04T19:10:41","guid":{"rendered":"http:\/\/oralmedic.com.co\/?page_id=1131"},"modified":"2016-11-25T21:20:44","modified_gmt":"2016-11-25T21:20:44","slug":"estetica-dental","status":"publish","type":"page","link":"https:\/\/oralmedic.com.co\/index.php\/estetica-dental\/","title":{"rendered":"EST\u00c9TICA DENTAL"},"content":{"rendered":"<p>[vc_row css=&#8221;.vc_custom_1453217339571{padding-top: 50px !important;padding-bottom: 50px !important;}&#8221;][vc_column][vc_column_text]<\/p>\n<p style=\"text-align: justify;\">La b\u00fasqueda de los pacientes para mejorar la apariencia de sus sonrisas ha planteado retos en la odontolog\u00eda est\u00e9tica.<\/p>\n<p style=\"text-align: justify;\">Desarrollar una sonrisa placentera es una aventura art\u00edstica, responder a las necesidades de nuestros pacientes es un pilar fundamental, es por eso que dise\u00f1amos un conjunto de\u00a0 procedimientos que le permiten mejorar su sonrisa con la m\u00e1s alta calidad.<\/p>\n<p>[\/vc_column_text][\/vc_column][\/vc_row][vc_row][vc_column width=&#8221;1\/2&#8243;][vc_custom_heading text=&#8221;BLANQUEAMIENTO DENTAL&#8221; font_container=&#8221;tag:h2|font_size:36|text_align:left|color:%23515151|line_height:1.2&#8243; google_fonts=&#8221;font_family:Istok%20Web%3Aregular%2Citalic%2C700%2C700italic|font_style:700%20bold%20regular%3A700%3Anormal&#8221;][vc_column_text]<\/p>\n<p style=\"text-align: justify;\">Reduzca las tonalidades amarillentas hasta tres tonos, para devolver a su sonrisa naturalidad e impacto, devolviendo el brillo y blanco a sus dientes.<\/p>\n<p style=\"text-align: justify;\">Realizado con la m\u00e1s alta tecnolog\u00eda, ofreciendo resultados inmediatos, gracias al uso de luz LED.<\/p>\n<p>[\/vc_column_text][\/vc_column][vc_column width=&#8221;1\/2&#8243;][vc_single_image image=&#8221;1277&#8243; img_size=&#8221;medium&#8221; alignment=&#8221;center&#8221;][\/vc_column][\/vc_row][vc_row][vc_column width=&#8221;1\/2&#8243;][vc_custom_heading text=&#8221;DISE\u00d1O DE SONRISA&#8221; font_container=&#8221;tag:h2|font_size:36|text_align:left|color:%23515151|line_height:1.2&#8243; google_fonts=&#8221;font_family:Istok%20Web%3Aregular%2Citalic%2C700%2C700italic|font_style:700%20bold%20regular%3A700%3Anormal&#8221;][vc_column_text]<\/p>\n<p style=\"text-align: justify;\">Es un tratamiento que el odont\u00f3logo y el paciente crean en conjunto, dientes ordenados, blancos y arm\u00f3nicos son reflejo de bienestar, salud y seguridad, es por ello que se vuelve indispensable realizar tratamientos personalizados que mejoren el funcionamiento de la masticaci\u00f3n, est\u00e9tica y armon\u00eda facial y dental.<\/p>\n<p>[\/vc_column_text][\/vc_column][vc_column width=&#8221;1\/2&#8243;][vc_single_image image=&#8221;1505&#8243; img_size=&#8221;medium&#8221; alignment=&#8221;center&#8221;][\/vc_column][\/vc_row][vc_row][vc_column width=&#8221;1\/2&#8243;][vc_btn title=&#8221;Agendar Cita&#8221; style=&#8221;flat&#8221; color=&#8221;blue&#8221; align=&#8221;left&#8221; link=&#8221;url:http%3A%2F%2Foralmedic.com.co%2Findex.php%2Fcontacto%2F||&#8221;][\/vc_column][vc_column width=&#8221;1\/2&#8243;][\/vc_column][\/vc_row]<\/p>\n","protected":false},"excerpt":{"rendered":"<p>[vc_row css=&#8221;.vc_custom_1453217339571{padding-top: 50px !important;padding-bottom: 50px !important;}&#8221;][vc_column][vc_column_text] La b\u00fasqueda de los pacientes para mejorar la apariencia de sus sonrisas ha planteado retos en la odontolog\u00eda est\u00e9tica. Desarrollar una sonrisa placentera es una aventura art\u00edstica, responder a las necesidades de nuestros pacientes es un pilar fundamental, es por eso que dise\u00f1amos un conjunto de\u00a0 procedimientos que le<\/p>\n","protected":false},"author":2,"featured_media":0,"parent":0,"menu_order":0,"comment_status":"closed","ping_status":"closed","template":"","meta":[],"_links":{"self":[{"href":"https:\/\/oralmedic.com.co\/index.php\/wp-json\/wp\/v2\/pages\/1131"}],"collection":[{"href":"https:\/\/oralmedic.com.co\/index.php\/wp-json\/wp\/v2\/pages"}],"about":[{"href":"https:\/\/oralmedic.com.co\/index.php\/wp-json\/wp\/v2\/types\/page"}],"author":[{"embeddable":true,"href":"https:\/\/oralmedic.com.co\/index.php\/wp-json\/wp\/v2\/users\/2"}],"replies":[{"embeddable":true,"href":"https:\/\/oralmedic.com.co\/index.php\/wp-json\/wp\/v2\/comments?post=1131"}],"version-history":[{"count":11,"href":"https:\/\/oralmedic.com.co\/index.php\/wp-json\/wp\/v2\/pages\/1131\/revisions"}],"predecessor-version":[{"id":1578,"href":"https:\/\/oralmedic.com.co\/index.php\/wp-json\/wp\/v2\/pages\/1131\/revisions\/1578"}],"wp:attachment":[{"href":"https:\/\/oralmedic.com.co\/index.php\/wp-json\/wp\/v2\/media?parent=1131"}],"curies":[{"name":"wp","href":"https:\/\/api.w.org\/{rel}","templated":true}]}}