{"id":1117,"date":"2016-10-04T19:01:24","date_gmt":"2016-10-04T19:01:24","guid":{"rendered":"http:\/\/oralmedic.com.co\/?page_id=1117"},"modified":"2016-11-25T21:18:38","modified_gmt":"2016-11-25T21:18:38","slug":"odontopediatria","status":"publish","type":"page","link":"https:\/\/oralmedic.com.co\/index.php\/odontopediatria\/","title":{"rendered":"ODONTOPEDIATR\u00cdA"},"content":{"rendered":"<p>[vc_row css=&#8221;.vc_custom_1453217339571{padding-top: 50px !important;padding-bottom: 50px !important;}&#8221;][vc_column width=&#8221;1\/2&#8243;][vc_column_text]<\/p>\n<p style=\"text-align: justify;\">La odontopediatr\u00eda es la especialidad de la odontolog\u00eda que previene y trata la salud dental de los ni\u00f1os desde que les salen sus dientes hasta que se desarrollan completamente.<\/p>\n<p style=\"text-align: justify;\">Etapa 1: Motivar y educar\u00a0 a los ni\u00f1os para que se responsabilicen de cuidar correctamente sus dientes.<\/p>\n<p>[\/vc_column_text][vc_column_text]<\/p>\n<p style=\"text-align: justify;\">Etapa 2: Corregir los problemas de los ni\u00f1os en sus dientes, por medio de aparatos removibles que les permiten aumentar o detener el crecimiento de los maxilares. ORTOPEDIA MAXILAR<\/p>\n<p>[\/vc_column_text][vc_btn title=&#8221;Agendar Cita&#8221; style=&#8221;flat&#8221; color=&#8221;blue&#8221; align=&#8221;left&#8221; link=&#8221;url:http%3A%2F%2Foralmedic.com.co%2Findex.php%2Fcontacto%2F||&#8221;][\/vc_column][vc_column width=&#8221;1\/2&#8243;][vc_single_image image=&#8221;1121&#8243; img_size=&#8221;medium&#8221; alignment=&#8221;center&#8221;][\/vc_column][\/vc_row]<\/p>\n","protected":false},"excerpt":{"rendered":"<p>[vc_row css=&#8221;.vc_custom_1453217339571{padding-top: 50px !important;padding-bottom: 50px !important;}&#8221;][vc_column width=&#8221;1\/2&#8243;][vc_column_text] La odontopediatr\u00eda es la especialidad de la odontolog\u00eda que previene y trata la salud dental de los ni\u00f1os desde que les salen sus dientes hasta que se desarrollan completamente. Etapa 1: Motivar y educar\u00a0 a los ni\u00f1os para que se responsabilicen de cuidar correctamente sus dientes. [\/vc_column_text][vc_column_text] Etapa<\/p>\n","protected":false},"author":2,"featured_media":0,"parent":0,"menu_order":0,"comment_status":"closed","ping_status":"closed","template":"","meta":[],"_links":{"self":[{"href":"https:\/\/oralmedic.com.co\/index.php\/wp-json\/wp\/v2\/pages\/1117"}],"collection":[{"href":"https:\/\/oralmedic.com.co\/index.php\/wp-json\/wp\/v2\/pages"}],"about":[{"href":"https:\/\/oralmedic.com.co\/index.php\/wp-json\/wp\/v2\/types\/page"}],"author":[{"embeddable":true,"href":"https:\/\/oralmedic.com.co\/index.php\/wp-json\/wp\/v2\/users\/2"}],"replies":[{"embeddable":true,"href":"https:\/\/oralmedic.com.co\/index.php\/wp-json\/wp\/v2\/comments?post=1117"}],"version-history":[{"count":6,"href":"https:\/\/oralmedic.com.co\/index.php\/wp-json\/wp\/v2\/pages\/1117\/revisions"}],"predecessor-version":[{"id":1575,"href":"https:\/\/oralmedic.com.co\/index.php\/wp-json\/wp\/v2\/pages\/1117\/revisions\/1575"}],"wp:attachment":[{"href":"https:\/\/oralmedic.com.co\/index.php\/wp-json\/wp\/v2\/media?parent=1117"}],"curies":[{"name":"wp","href":"https:\/\/api.w.org\/{rel}","templated":true}]}}