{"id":1032,"date":"2016-01-07T05:57:45","date_gmt":"2016-01-07T05:57:45","guid":{"rendered":"http:\/\/consulting.stylemixthemes.com\/demo\/?page_id=390"},"modified":"2016-10-24T19:40:20","modified_gmt":"2016-10-24T19:40:20","slug":"equipos","status":"publish","type":"page","link":"https:\/\/oralmedic.com.co\/index.php\/company-overview\/equipos\/","title":{"rendered":"EQUIPOS"},"content":{"rendered":"<p>[vc_row css=&#8221;.vc_custom_1451991003825{margin-bottom: 100px !important;}&#8221;][vc_column width=&#8221;3\/4&#8243;][vc_column_text]Contamos con equipos de alta tecnolog\u00eda digital.\u00a0 Las marcas de nuestros equipos son JMORITA y CARESTREAM unas de las m\u00e1s valoradas en calidad y tecnolog\u00eda.[\/vc_column_text][vc_row_inner css=&#8221;.vc_custom_1452152300724{margin-bottom: 46px !important;}&#8221;][vc_column_inner][stm_partner style=&#8221;style_2&#8243; title=&#8221;JMORITA&#8221; logo=&#8221;1170&#8243; description=&#8221;Junichi Morita funda en Jap\u00f3n la compa\u00f1\u00eda Morita Dental Mfg. Company. Sus esfuerzos se dirigen hacia la fabricaci\u00f3n de productos de manipulaci\u00f3n confortable que acompa\u00f1en confiablemente a los usuarios en su trabajo diario. Para ello determina los principios de la m\u00e1xima calidad que a lo largo de la historia sentar\u00e1n constantemente precedente. &#8221; link=&#8221;url:%23||&#8221; css=&#8221;.vc_custom_1475610560926{margin-bottom: 50px !important;}&#8221;][stm_partner style=&#8221;style_2&#8243; title=&#8221;CARESTREAM&#8221; logo=&#8221;1171&#8243; description=&#8221;Carestream es un proveedor mundial de sistemas de radiolog\u00eda y soluciones inform\u00e1ticas para medicina y odontolog\u00eda; sistemas de rayos X para pruebas no destructivas y materiales avanzados para los mercados de electr\u00f3nica y pel\u00edculas de precisi\u00f3n. Carestream Health se enorgullece de formar parte de la familia de empresas Onex (TSX:, OCX.TO) desde 2007. Onex es una empresas m\u00e1s grandes y m\u00e1s respetadas de Canad\u00e1.&#8221; link=&#8221;url:%23||&#8221; css=&#8221;.vc_custom_1475610566398{margin-bottom: 50px !important;}&#8221;][\/vc_column_inner][\/vc_row_inner][\/vc_column][vc_column width=&#8221;1\/4&#8243;][stm_sidebar sidebar=&#8221;311&#8243;][\/vc_column][\/vc_row]<\/p>\n","protected":false},"excerpt":{"rendered":"<p>[vc_row css=&#8221;.vc_custom_1451991003825{margin-bottom: 100px !important;}&#8221;][vc_column width=&#8221;3\/4&#8243;][vc_column_text]Contamos con equipos de alta tecnolog\u00eda digital.\u00a0 Las marcas de nuestros equipos son JMORITA y CARESTREAM unas de las m\u00e1s valoradas en calidad y tecnolog\u00eda.[\/vc_column_text][vc_row_inner css=&#8221;.vc_custom_1452152300724{margin-bottom: 46px !important;}&#8221;][vc_column_inner][stm_partner style=&#8221;style_2&#8243; title=&#8221;JMORITA&#8221; logo=&#8221;1170&#8243; description=&#8221;Junichi Morita funda en Jap\u00f3n la compa\u00f1\u00eda Morita Dental Mfg. Company. Sus esfuerzos se dirigen hacia la fabricaci\u00f3n de productos<\/p>\n","protected":false},"author":2,"featured_media":0,"parent":9,"menu_order":0,"comment_status":"closed","ping_status":"closed","template":"","meta":[],"_links":{"self":[{"href":"https:\/\/oralmedic.com.co\/index.php\/wp-json\/wp\/v2\/pages\/1032"}],"collection":[{"href":"https:\/\/oralmedic.com.co\/index.php\/wp-json\/wp\/v2\/pages"}],"about":[{"href":"https:\/\/oralmedic.com.co\/index.php\/wp-json\/wp\/v2\/types\/page"}],"author":[{"embeddable":true,"href":"https:\/\/oralmedic.com.co\/index.php\/wp-json\/wp\/v2\/users\/2"}],"replies":[{"embeddable":true,"href":"https:\/\/oralmedic.com.co\/index.php\/wp-json\/wp\/v2\/comments?post=1032"}],"version-history":[{"count":4,"href":"https:\/\/oralmedic.com.co\/index.php\/wp-json\/wp\/v2\/pages\/1032\/revisions"}],"predecessor-version":[{"id":1345,"href":"https:\/\/oralmedic.com.co\/index.php\/wp-json\/wp\/v2\/pages\/1032\/revisions\/1345"}],"up":[{"embeddable":true,"href":"https:\/\/oralmedic.com.co\/index.php\/wp-json\/wp\/v2\/pages\/9"}],"wp:attachment":[{"href":"https:\/\/oralmedic.com.co\/index.php\/wp-json\/wp\/v2\/media?parent=1032"}],"curies":[{"name":"wp","href":"https:\/\/api.w.org\/{rel}","templated":true}]}}